{"id":1388,"date":"2024-12-09T09:04:26","date_gmt":"2024-12-09T14:04:26","guid":{"rendered":"https:\/\/tcr.orthoplex.ca\/contact-us\/"},"modified":"2026-03-25T07:11:03","modified_gmt":"2026-03-25T11:11:03","slug":"contactez-nous","status":"publish","type":"page","link":"https:\/\/tcr-staging.tcr.ca\/fr\/contactez-nous\/","title":{"rendered":"Contactez-nous"},"content":{"rendered":"\t\t<div data-elementor-type=\"wp-page\" data-elementor-id=\"1388\" class=\"elementor elementor-1388 elementor-457\" data-elementor-post-type=\"page\">\n\t\t\t\t<div class=\"elementor-element elementor-element-bd81ecd e-con-full e-flex e-con e-parent\" data-id=\"bd81ecd\" data-element_type=\"container\" data-e-type=\"container\" id=\"contact\" data-settings=\"{&quot;background_background&quot;:&quot;classic&quot;}\">\n\t\t\t\t<div class=\"elementor-element elementor-element-5bb286e elementor-widget__width-inherit elementor-widget elementor-widget-heading\" data-id=\"5bb286e\" data-element_type=\"widget\" data-e-type=\"widget\" data-widget_type=\"heading.default\">\n\t\t\t\t<div class=\"elementor-widget-container\">\n\t\t\t\t\t<h2 class=\"elementor-heading-title elementor-size-default\">Contactez-nous <\/h2>\t\t\t\t<\/div>\n\t\t\t\t<\/div>\n\t\t\t\t<div class=\"elementor-element elementor-element-a94e35f elementor-widget__width-initial elementor-widget elementor-widget-text-editor\" data-id=\"a94e35f\" data-element_type=\"widget\" data-e-type=\"widget\" data-widget_type=\"text-editor.default\">\n\t\t\t\t<div class=\"elementor-widget-container\">\n\t\t\t\t\t\t\t\t\t<p>Nous sommes pr\u00eats \u00e0 vous aider. Remplissez le formulaire et notre \u00e9quipe vous r\u00e9pondra rapidement. <\/p>\t\t\t\t\t\t\t\t<\/div>\n\t\t\t\t<\/div>\n\t\t<div class=\"elementor-element elementor-element-8f38f59 e-con-full e-flex e-con e-child\" data-id=\"8f38f59\" data-element_type=\"container\" data-e-type=\"container\" data-settings=\"{&quot;background_background&quot;:&quot;classic&quot;}\">\n\t\t\t\t<div class=\"elementor-element elementor-element-c3c0983 elementor-widget elementor-widget-heading\" data-id=\"c3c0983\" data-element_type=\"widget\" data-e-type=\"widget\" data-widget_type=\"heading.default\">\n\t\t\t\t<div class=\"elementor-widget-container\">\n\t\t\t\t\t<h2 class=\"elementor-heading-title elementor-size-default\">Envoyer un message<\/h2>\t\t\t\t<\/div>\n\t\t\t\t<\/div>\n\t\t\t\t<div class=\"elementor-element elementor-element-63562ea elementor-widget elementor-widget-heading\" data-id=\"63562ea\" data-element_type=\"widget\" data-e-type=\"widget\" data-widget_type=\"heading.default\">\n\t\t\t\t<div class=\"elementor-widget-container\">\n\t\t\t\t\t<h2 class=\"elementor-heading-title elementor-size-default\">Veuillez remplir le formulaire ci-dessous<\/h2>\t\t\t\t<\/div>\n\t\t\t\t<\/div>\n\t\t\t\t<div class=\"elementor-element elementor-element-bc7fc80 elementor-button-align-stretch elementor-widget elementor-widget-form\" data-id=\"bc7fc80\" data-element_type=\"widget\" data-e-type=\"widget\" data-settings=\"{&quot;step_next_label&quot;:&quot;Suivante&quot;,&quot;step_previous_label&quot;:&quot;Pr\\u00e9c\\u00e9dente&quot;,&quot;button_width&quot;:&quot;40&quot;,&quot;button_width_tablet&quot;:&quot;50&quot;,&quot;step_type&quot;:&quot;number_text&quot;,&quot;step_icon_shape&quot;:&quot;circle&quot;}\" data-widget_type=\"form.default\">\n\t\t\t\t<div class=\"elementor-widget-container\">\n\t\t\t\t\t\t\t<form class=\"elementor-form\" method=\"post\" name=\"Nouvelle forme\" aria-label=\"Nouvelle forme\">\n\t\t\t<input type=\"hidden\" name=\"post_id\" value=\"1388\"\/>\n\t\t\t<input type=\"hidden\" name=\"form_id\" value=\"bc7fc80\"\/>\n\t\t\t<input type=\"hidden\" name=\"referer_title\" value=\"Contactez-nous - Total Credit Recovery\" \/>\n\n\t\t\t\t\t\t\t<input type=\"hidden\" name=\"queried_id\" value=\"1388\"\/>\n\t\t\t\n\t\t\t<div class=\"elementor-form-fields-wrapper elementor-labels-above\">\n\t\t\t\t\t\t\t\t<div class=\"elementor-field-type-text elementor-field-group elementor-column elementor-field-group-name elementor-col-50 elementor-field-required\">\n\t\t\t\t\t\t\t\t\t\t\t\t\t<input size=\"1\" type=\"text\" name=\"form_fields[name]\" id=\"form-field-name\" class=\"elementor-field elementor-size-md  elementor-field-textual\" placeholder=\"Pr\u00e9nom\" required=\"required\">\n\t\t\t\t\t\t\t\t\t\t\t<\/div>\n\t\t\t\t\t\t\t\t<div class=\"elementor-field-type-text elementor-field-group elementor-column elementor-field-group-field_31e695a elementor-col-50 elementor-field-required\">\n\t\t\t\t\t\t\t\t\t\t\t\t\t<input size=\"1\" type=\"text\" name=\"form_fields[field_31e695a]\" id=\"form-field-field_31e695a\" class=\"elementor-field elementor-size-md  elementor-field-textual\" placeholder=\"Nom de famille\" required=\"required\">\n\t\t\t\t\t\t\t\t\t\t\t<\/div>\n\t\t\t\t\t\t\t\t<div class=\"elementor-field-type-email elementor-field-group elementor-column elementor-field-group-email elementor-col-50 elementor-field-required\">\n\t\t\t\t\t\t\t\t\t\t\t\t\t<input size=\"1\" type=\"email\" name=\"form_fields[email]\" id=\"form-field-email\" class=\"elementor-field elementor-size-md  elementor-field-textual\" placeholder=\"Courriel\" required=\"required\">\n\t\t\t\t\t\t\t\t\t\t\t<\/div>\n\t\t\t\t\t\t\t\t<div class=\"elementor-field-type-number elementor-field-group elementor-column elementor-field-group-field_12761d8 elementor-col-50 elementor-field-required\">\n\t\t\t\t\t\t\t\t<input type=\"number\" name=\"form_fields[field_12761d8]\" id=\"form-field-field_12761d8\" class=\"elementor-field elementor-size-md  elementor-field-textual\" placeholder=\"T\u00e9l\u00e9phone\" required=\"required\" min=\"\" max=\"\" >\n\t\t\t\t\t\t<\/div>\n\t\t\t\t\t\t\t\t<div class=\"elementor-field-type-number elementor-field-group elementor-column elementor-field-group-field_a392f30 elementor-col-100 elementor-field-required\">\n\t\t\t\t\t\t\t\t<input type=\"number\" name=\"form_fields[field_a392f30]\" id=\"form-field-field_a392f30\" class=\"elementor-field elementor-size-md  elementor-field-textual\" placeholder=\"Num\u00e9ro de compte\" required=\"required\" min=\"\" max=\"\" >\n\t\t\t\t\t\t<\/div>\n\t\t\t\t\t\t\t\t<div class=\"elementor-field-type-textarea elementor-field-group elementor-column elementor-field-group-message elementor-col-100 elementor-field-required\">\n\t\t\t\t\t<textarea class=\"elementor-field-textual elementor-field  elementor-size-md\" name=\"form_fields[message]\" id=\"form-field-message\" rows=\"6\" placeholder=\"Message\" required=\"required\"><\/textarea>\t\t\t\t<\/div>\n\t\t\t\t\t\t\t\t<div class=\"elementor-field-group elementor-column elementor-field-type-submit elementor-col-40 e-form__buttons elementor-md-50\">\n\t\t\t\t\t<button class=\"elementor-button elementor-size-md\" type=\"submit\">\n\t\t\t\t\t\t<span class=\"elementor-button-content-wrapper\">\n\t\t\t\t\t\t\t\t\t\t\t\t\t\t\t\t\t\t\t\t\t\t<span class=\"elementor-button-text\">Envoyer un message<\/span>\n\t\t\t\t\t\t\t\t\t\t\t\t\t<\/span>\n\t\t\t\t\t<\/button>\n\t\t\t\t<\/div>\n\t\t\t<\/div>\n\t\t<\/form>\n\t\t\t\t\t\t<\/div>\n\t\t\t\t<\/div>\n\t\t\t\t<\/div>\n\t\t\t\t<\/div>\n\t\t<div class=\"elementor-element elementor-element-d825d4c e-con-full e-flex e-con e-parent\" data-id=\"d825d4c\" data-element_type=\"container\" data-e-type=\"container\">\n\t\t\t\t<div class=\"elementor-element elementor-element-c12c82a elementor-widget elementor-widget-template\" data-id=\"c12c82a\" data-element_type=\"widget\" data-e-type=\"widget\" data-widget_type=\"template.default\">\n\t\t\t\t<div class=\"elementor-widget-container\">\n\t\t\t\t\t\t\t<div class=\"elementor-template\">\n\t\t\t\t\t<div data-elementor-type=\"container\" data-elementor-id=\"1414\" class=\"elementor elementor-1414 elementor-586 elementor-586\" data-elementor-post-type=\"elementor_library\">\n\t\t\t\t<div class=\"elementor-element elementor-element-54cca10e e-con-full e-flex e-con e-parent\" data-id=\"54cca10e\" data-element_type=\"container\" data-e-type=\"container\" data-settings=\"{&quot;background_background&quot;:&quot;classic&quot;}\">\n\t\t<div class=\"elementor-element elementor-element-4a6e2f93 e-con-full e-flex e-con e-child\" data-id=\"4a6e2f93\" data-element_type=\"container\" data-e-type=\"container\">\n\t\t\t\t<div class=\"elementor-element elementor-element-5f162a16 elementor-widget__width-inherit elementor-widget elementor-widget-heading\" data-id=\"5f162a16\" data-element_type=\"widget\" data-e-type=\"widget\" data-widget_type=\"heading.default\">\n\t\t\t\t<div class=\"elementor-widget-container\">\n\t\t\t\t\t<h2 class=\"elementor-heading-title elementor-size-default\">Besoin de parler \u00e0 quelqu'un imm\u00e9diatement ?<\/h2>\t\t\t\t<\/div>\n\t\t\t\t<\/div>\n\t\t\t\t<div class=\"elementor-element elementor-element-7f249779 elementor-widget elementor-widget-text-editor\" data-id=\"7f249779\" data-element_type=\"widget\" data-e-type=\"widget\" data-widget_type=\"text-editor.default\">\n\t\t\t\t<div class=\"elementor-widget-container\">\n\t\t\t\t\t\t\t\t\t<p><span style=\"color: #233f68;\">Envoyez un courriel \u00e0 <span style=\"text-decoration: underline;\"><a style=\"color: #233f68; text-decoration: underline;\" href=\"mailto:inquiries@tcr.ca\">inquiries@tcr.ca <\/a><\/span>ou appelez le <span style=\"text-decoration: underline;\"><a style=\"color: #233f68; text-decoration: underline;\" href=\"tel:1-800-267-2482\">+1-800-267-2482<\/a><\/span><\/span><\/p>\n\t\t\t\t\t\t\t\t<\/div>\n\t\t\t\t<\/div>\n\t\t\t\t<\/div>\n\t\t\t\t<\/div>\n\t\t\t\t<\/div>\n\t\t\t\t<\/div>\n\t\t\t\t\t\t<\/div>\n\t\t\t\t<\/div>\n\t\t\t\t<\/div>\n\t\t\t\t<\/div>\n\t\t","protected":false},"excerpt":{"rendered":"<p>Contactez-nous Nous sommes pr\u00eats \u00e0 vous aider. Remplissez le formulaire et notre \u00e9quipe vous r\u00e9pondra rapidement. Envoyer un message Veuillez remplir le formulaire ci-dessous<\/p>\n","protected":false},"author":10,"featured_media":1255,"parent":0,"menu_order":4,"comment_status":"closed","ping_status":"closed","template":"elementor_header_footer","meta":{"footnotes":""},"class_list":["post-1388","page","type-page","status-publish","has-post-thumbnail","hentry"],"yoast_head":"<!-- This site is optimized with the Yoast SEO plugin v27.5 - https:\/\/yoast.com\/product\/yoast-seo-wordpress\/ -->\n<title>Contactez-nous - Total Credit Recovery<\/title>\n<meta name=\"robots\" content=\"noindex, follow, max-snippet:-1, max-image-preview:large, max-video-preview:-1\" \/>\n<meta property=\"og:locale\" content=\"fr_FR\" \/>\n<meta property=\"og:type\" content=\"article\" \/>\n<meta property=\"og:title\" content=\"Contactez-nous - Total Credit Recovery\" \/>\n<meta property=\"og:description\" content=\"Contactez-nous Nous sommes pr\u00eats \u00e0 vous aider. Remplissez le formulaire et notre \u00e9quipe vous r\u00e9pondra rapidement. Envoyer un message Veuillez remplir le formulaire ci-dessous\" \/>\n<meta property=\"og:url\" content=\"https:\/\/tcr-staging.tcr.ca\/fr\/contactez-nous\/\" \/>\n<meta property=\"og:site_name\" content=\"Total Credit Recovery\" \/>\n<meta property=\"article:modified_time\" content=\"2026-03-25T11:11:03+00:00\" \/>\n<meta property=\"og:image\" content=\"https:\/\/tcr-staging.tcr.ca\/wp-content\/uploads\/2022\/08\/logo.svg_.png\" \/>\n\t<meta property=\"og:image:width\" content=\"308\" \/>\n\t<meta property=\"og:image:height\" content=\"304\" \/>\n\t<meta property=\"og:image:type\" content=\"image\/png\" \/>\n<meta name=\"twitter:card\" content=\"summary_large_image\" \/>\n<meta name=\"twitter:label1\" content=\"Dur\u00e9e de lecture estim\u00e9e\" \/>\n\t<meta name=\"twitter:data1\" content=\"1 minute\" \/>\n<script type=\"application\/ld+json\" class=\"yoast-schema-graph\">{\"@context\":\"https:\\\/\\\/schema.org\",\"@graph\":[{\"@type\":\"WebPage\",\"@id\":\"https:\\\/\\\/tcr-staging.tcr.ca\\\/fr\\\/contactez-nous\\\/\",\"url\":\"https:\\\/\\\/tcr-staging.tcr.ca\\\/fr\\\/contactez-nous\\\/\",\"name\":\"Contactez-nous - Total Credit Recovery\",\"isPartOf\":{\"@id\":\"https:\\\/\\\/tcr-staging.tcr.ca\\\/#website\"},\"primaryImageOfPage\":{\"@id\":\"https:\\\/\\\/tcr-staging.tcr.ca\\\/fr\\\/contactez-nous\\\/#primaryimage\"},\"image\":{\"@id\":\"https:\\\/\\\/tcr-staging.tcr.ca\\\/fr\\\/contactez-nous\\\/#primaryimage\"},\"thumbnailUrl\":\"https:\\\/\\\/tcr-staging.tcr.ca\\\/wp-content\\\/uploads\\\/2022\\\/08\\\/logo.svg_.png\",\"datePublished\":\"2024-12-09T14:04:26+00:00\",\"dateModified\":\"2026-03-25T11:11:03+00:00\",\"breadcrumb\":{\"@id\":\"https:\\\/\\\/tcr-staging.tcr.ca\\\/fr\\\/contactez-nous\\\/#breadcrumb\"},\"inLanguage\":\"fr-FR\",\"potentialAction\":[{\"@type\":\"ReadAction\",\"target\":[\"https:\\\/\\\/tcr-staging.tcr.ca\\\/fr\\\/contactez-nous\\\/\"]}]},{\"@type\":\"ImageObject\",\"inLanguage\":\"fr-FR\",\"@id\":\"https:\\\/\\\/tcr-staging.tcr.ca\\\/fr\\\/contactez-nous\\\/#primaryimage\",\"url\":\"https:\\\/\\\/tcr-staging.tcr.ca\\\/wp-content\\\/uploads\\\/2022\\\/08\\\/logo.svg_.png\",\"contentUrl\":\"https:\\\/\\\/tcr-staging.tcr.ca\\\/wp-content\\\/uploads\\\/2022\\\/08\\\/logo.svg_.png\",\"width\":308,\"height\":304},{\"@type\":\"BreadcrumbList\",\"@id\":\"https:\\\/\\\/tcr-staging.tcr.ca\\\/fr\\\/contactez-nous\\\/#breadcrumb\",\"itemListElement\":[{\"@type\":\"ListItem\",\"position\":1,\"name\":\"Home\",\"item\":\"https:\\\/\\\/tcr-staging.tcr.ca\\\/fr\\\/\"},{\"@type\":\"ListItem\",\"position\":2,\"name\":\"Contactez-nous\"}]},{\"@type\":\"WebSite\",\"@id\":\"https:\\\/\\\/tcr-staging.tcr.ca\\\/#website\",\"url\":\"https:\\\/\\\/tcr-staging.tcr.ca\\\/\",\"name\":\"Total Credit Recovery\",\"description\":\"Just another WordPress site\",\"publisher\":{\"@id\":\"https:\\\/\\\/tcr-staging.tcr.ca\\\/#organization\"},\"potentialAction\":[{\"@type\":\"SearchAction\",\"target\":{\"@type\":\"EntryPoint\",\"urlTemplate\":\"https:\\\/\\\/tcr-staging.tcr.ca\\\/?s={search_term_string}\"},\"query-input\":{\"@type\":\"PropertyValueSpecification\",\"valueRequired\":true,\"valueName\":\"search_term_string\"}}],\"inLanguage\":\"fr-FR\"},{\"@type\":\"Organization\",\"@id\":\"https:\\\/\\\/tcr-staging.tcr.ca\\\/#organization\",\"name\":\"Total Credit Recovery\",\"url\":\"https:\\\/\\\/tcr-staging.tcr.ca\\\/\",\"logo\":{\"@type\":\"ImageObject\",\"inLanguage\":\"fr-FR\",\"@id\":\"https:\\\/\\\/tcr-staging.tcr.ca\\\/#\\\/schema\\\/logo\\\/image\\\/\",\"url\":\"https:\\\/\\\/tcr-staging.tcr.ca\\\/wp-content\\\/uploads\\\/2022\\\/08\\\/TCRlogo.png\",\"contentUrl\":\"https:\\\/\\\/tcr-staging.tcr.ca\\\/wp-content\\\/uploads\\\/2022\\\/08\\\/TCRlogo.png\",\"width\":1080,\"height\":230,\"caption\":\"Total Credit Recovery\"},\"image\":{\"@id\":\"https:\\\/\\\/tcr-staging.tcr.ca\\\/#\\\/schema\\\/logo\\\/image\\\/\"}}]}<\/script>\n<!-- \/ Yoast SEO plugin. -->","yoast_head_json":{"title":"Contactez-nous - Total Credit Recovery","robots":{"index":"noindex","follow":"follow","max-snippet":"max-snippet:-1","max-image-preview":"max-image-preview:large","max-video-preview":"max-video-preview:-1"},"og_locale":"fr_FR","og_type":"article","og_title":"Contactez-nous - Total Credit Recovery","og_description":"Contactez-nous Nous sommes pr\u00eats \u00e0 vous aider. Remplissez le formulaire et notre \u00e9quipe vous r\u00e9pondra rapidement. Envoyer un message Veuillez remplir le formulaire ci-dessous","og_url":"https:\/\/tcr-staging.tcr.ca\/fr\/contactez-nous\/","og_site_name":"Total Credit Recovery","article_modified_time":"2026-03-25T11:11:03+00:00","og_image":[{"width":308,"height":304,"url":"https:\/\/tcr-staging.tcr.ca\/wp-content\/uploads\/2022\/08\/logo.svg_.png","type":"image\/png"}],"twitter_card":"summary_large_image","twitter_misc":{"Dur\u00e9e de lecture estim\u00e9e":"1 minute"},"schema":{"@context":"https:\/\/schema.org","@graph":[{"@type":"WebPage","@id":"https:\/\/tcr-staging.tcr.ca\/fr\/contactez-nous\/","url":"https:\/\/tcr-staging.tcr.ca\/fr\/contactez-nous\/","name":"Contactez-nous - Total Credit Recovery","isPartOf":{"@id":"https:\/\/tcr-staging.tcr.ca\/#website"},"primaryImageOfPage":{"@id":"https:\/\/tcr-staging.tcr.ca\/fr\/contactez-nous\/#primaryimage"},"image":{"@id":"https:\/\/tcr-staging.tcr.ca\/fr\/contactez-nous\/#primaryimage"},"thumbnailUrl":"https:\/\/tcr-staging.tcr.ca\/wp-content\/uploads\/2022\/08\/logo.svg_.png","datePublished":"2024-12-09T14:04:26+00:00","dateModified":"2026-03-25T11:11:03+00:00","breadcrumb":{"@id":"https:\/\/tcr-staging.tcr.ca\/fr\/contactez-nous\/#breadcrumb"},"inLanguage":"fr-FR","potentialAction":[{"@type":"ReadAction","target":["https:\/\/tcr-staging.tcr.ca\/fr\/contactez-nous\/"]}]},{"@type":"ImageObject","inLanguage":"fr-FR","@id":"https:\/\/tcr-staging.tcr.ca\/fr\/contactez-nous\/#primaryimage","url":"https:\/\/tcr-staging.tcr.ca\/wp-content\/uploads\/2022\/08\/logo.svg_.png","contentUrl":"https:\/\/tcr-staging.tcr.ca\/wp-content\/uploads\/2022\/08\/logo.svg_.png","width":308,"height":304},{"@type":"BreadcrumbList","@id":"https:\/\/tcr-staging.tcr.ca\/fr\/contactez-nous\/#breadcrumb","itemListElement":[{"@type":"ListItem","position":1,"name":"Home","item":"https:\/\/tcr-staging.tcr.ca\/fr\/"},{"@type":"ListItem","position":2,"name":"Contactez-nous"}]},{"@type":"WebSite","@id":"https:\/\/tcr-staging.tcr.ca\/#website","url":"https:\/\/tcr-staging.tcr.ca\/","name":"Total Credit Recovery","description":"Just another WordPress site","publisher":{"@id":"https:\/\/tcr-staging.tcr.ca\/#organization"},"potentialAction":[{"@type":"SearchAction","target":{"@type":"EntryPoint","urlTemplate":"https:\/\/tcr-staging.tcr.ca\/?s={search_term_string}"},"query-input":{"@type":"PropertyValueSpecification","valueRequired":true,"valueName":"search_term_string"}}],"inLanguage":"fr-FR"},{"@type":"Organization","@id":"https:\/\/tcr-staging.tcr.ca\/#organization","name":"Total Credit Recovery","url":"https:\/\/tcr-staging.tcr.ca\/","logo":{"@type":"ImageObject","inLanguage":"fr-FR","@id":"https:\/\/tcr-staging.tcr.ca\/#\/schema\/logo\/image\/","url":"https:\/\/tcr-staging.tcr.ca\/wp-content\/uploads\/2022\/08\/TCRlogo.png","contentUrl":"https:\/\/tcr-staging.tcr.ca\/wp-content\/uploads\/2022\/08\/TCRlogo.png","width":1080,"height":230,"caption":"Total Credit Recovery"},"image":{"@id":"https:\/\/tcr-staging.tcr.ca\/#\/schema\/logo\/image\/"}}]}},"_links":{"self":[{"href":"https:\/\/tcr-staging.tcr.ca\/fr\/wp-json\/wp\/v2\/pages\/1388","targetHints":{"allow":["GET"]}}],"collection":[{"href":"https:\/\/tcr-staging.tcr.ca\/fr\/wp-json\/wp\/v2\/pages"}],"about":[{"href":"https:\/\/tcr-staging.tcr.ca\/fr\/wp-json\/wp\/v2\/types\/page"}],"author":[{"embeddable":true,"href":"https:\/\/tcr-staging.tcr.ca\/fr\/wp-json\/wp\/v2\/users\/10"}],"replies":[{"embeddable":true,"href":"https:\/\/tcr-staging.tcr.ca\/fr\/wp-json\/wp\/v2\/comments?post=1388"}],"version-history":[{"count":5,"href":"https:\/\/tcr-staging.tcr.ca\/fr\/wp-json\/wp\/v2\/pages\/1388\/revisions"}],"predecessor-version":[{"id":3190,"href":"https:\/\/tcr-staging.tcr.ca\/fr\/wp-json\/wp\/v2\/pages\/1388\/revisions\/3190"}],"wp:featuredmedia":[{"embeddable":true,"href":"https:\/\/tcr-staging.tcr.ca\/fr\/wp-json\/wp\/v2\/media\/1255"}],"wp:attachment":[{"href":"https:\/\/tcr-staging.tcr.ca\/fr\/wp-json\/wp\/v2\/media?parent=1388"}],"curies":[{"name":"wp","href":"https:\/\/api.w.org\/{rel}","templated":true}]}}