{"id":1657,"date":"2022-08-02T08:41:55","date_gmt":"2022-08-02T12:41:55","guid":{"rendered":"https:\/\/tcr.orthoplex.ca\/privacy-policy\/"},"modified":"2026-03-25T07:15:00","modified_gmt":"2026-03-25T11:15:00","slug":"politique-de-confidentialite","status":"publish","type":"page","link":"https:\/\/tcr-staging.tcr.ca\/fr\/politique-de-confidentialite\/","title":{"rendered":"Privacy Policy"},"content":{"rendered":"\t\t<div data-elementor-type=\"wp-page\" data-elementor-id=\"1657\" class=\"elementor elementor-1657 elementor-3\" data-elementor-post-type=\"page\">\n\t\t\t\t<div class=\"elementor-element elementor-element-5835f5f e-con-full e-flex e-con e-parent\" data-id=\"5835f5f\" data-element_type=\"container\" data-e-type=\"container\">\n\t\t\t\t<div class=\"elementor-element elementor-element-a96c49e elementor-widget elementor-widget-heading\" data-id=\"a96c49e\" data-element_type=\"widget\" data-e-type=\"widget\" data-widget_type=\"heading.default\">\n\t\t\t\t<div class=\"elementor-widget-container\">\n\t\t\t\t\t<h1 class=\"elementor-heading-title elementor-size-default\">Privacy Policy<\/h1>\t\t\t\t<\/div>\n\t\t\t\t<\/div>\n\t\t\t\t<div class=\"elementor-element elementor-element-1151165 elementor-widget elementor-widget-text-editor\" data-id=\"1151165\" data-element_type=\"widget\" data-e-type=\"widget\" data-widget_type=\"text-editor.default\">\n\t\t\t\t<div class=\"elementor-widget-container\">\n\t\t\t\t\t\t\t\t\t<p>Les activit\u00e9s de TCR visant \u00e0 prot\u00e9ger la confidentialit\u00e9 des renseignements personnels font partie int\u00e9grante de tous les aspects de notre organisation. La formation, les processus que nous ex\u00e9cutons, l\u2019\u00e9valuation et le traitement des risques, la responsabilisation et l\u2019am\u00e9lioration continue contribuent \u00e0 notre strat\u00e9gie globale de confidentialit\u00e9. <\/p><p>Les informations sont utilis\u00e9es uniquement aux fins pour lesquelles elles ont \u00e9t\u00e9 collect\u00e9es. Les informations sont conserv\u00e9es uniquement pendant les p\u00e9riodes de temps pr\u00e9vues par la l\u00e9gislation et les directives du client. Les informations sont prot\u00e9g\u00e9es contre toute divulgation non autoris\u00e9e. Les informations sont tenues \u00e0 jour et exactes.   <\/p>\t\t\t\t\t\t\t\t<\/div>\n\t\t\t\t<\/div>\n\t\t\t\t<\/div>\n\t\t\t\t<section class=\"elementor-section elementor-top-section elementor-element elementor-element-61b8478 elementor-section-full_width elementor-section-height-default elementor-section-height-default\" data-id=\"61b8478\" data-element_type=\"section\" data-e-type=\"section\">\n\t\t\t\t\t\t<div class=\"elementor-container elementor-column-gap-default\">\n\t\t\t\t\t<div class=\"elementor-column elementor-col-100 elementor-top-column elementor-element elementor-element-29496031\" data-id=\"29496031\" data-element_type=\"column\" data-e-type=\"column\">\n\t\t\t<div class=\"elementor-widget-wrap elementor-element-populated\">\n\t\t\t\t\t\t<div class=\"elementor-element elementor-element-752ba2f elementor-widget elementor-widget-heading\" data-id=\"752ba2f\" data-element_type=\"widget\" data-e-type=\"widget\" data-widget_type=\"heading.default\">\n\t\t\t\t<div class=\"elementor-widget-container\">\n\t\t\t\t\t<h2 class=\"elementor-heading-title elementor-size-default\">PRINCIPES DIRECTEURS DE LA PROTECTION DE LA VIE PRIV\u00c9E<\/h2>\t\t\t\t<\/div>\n\t\t\t\t<\/div>\n\t\t\t\t<div class=\"elementor-element elementor-element-b2455f0 elementor-widget elementor-widget-heading\" data-id=\"b2455f0\" data-element_type=\"widget\" data-e-type=\"widget\" data-widget_type=\"heading.default\">\n\t\t\t\t<div class=\"elementor-widget-container\">\n\t\t\t\t\t<h3 class=\"elementor-heading-title elementor-size-default\">Responsabilit\u00e9<\/h3>\t\t\t\t<\/div>\n\t\t\t\t<\/div>\n\t\t\t\t<div class=\"elementor-element elementor-element-1d20462 elementor-widget elementor-widget-text-editor\" data-id=\"1d20462\" data-element_type=\"widget\" data-e-type=\"widget\" data-widget_type=\"text-editor.default\">\n\t\t\t\t<div class=\"elementor-widget-container\">\n\t\t\t\t\t\t\t\t\t<p>Tous les employ\u00e9s ont lu et reconnu par l&rsquo;interm\u00e9diaire de HR Actions avoir pris connaissance de la politique de confidentialit\u00e9. Tous les employ\u00e9s ont \u00e9t\u00e9 inform\u00e9s de leurs responsabilit\u00e9s individuelles ainsi que de nos responsabilit\u00e9s d&rsquo;entreprise en vertu de la LPRPDE et des lois provinciales sur la confidentialit\u00e9. Bien que TCR ait d\u00e9sign\u00e9 un responsable de la confidentialit\u00e9, tous les employ\u00e9s sont individuellement tenus de respecter les droits et obligations \u00e9nonc\u00e9s dans la l\u00e9gislation et les contrats et directives des clients.  <\/p>\t\t\t\t\t\t\t\t<\/div>\n\t\t\t\t<\/div>\n\t\t\t\t<div class=\"elementor-element elementor-element-cd18ddd elementor-widget elementor-widget-heading\" data-id=\"cd18ddd\" data-element_type=\"widget\" data-e-type=\"widget\" data-widget_type=\"heading.default\">\n\t\t\t\t<div class=\"elementor-widget-container\">\n\t\t\t\t\t<h3 class=\"elementor-heading-title elementor-size-default\">Identifier l'objectif<\/h3>\t\t\t\t<\/div>\n\t\t\t\t<\/div>\n\t\t\t\t<div class=\"elementor-element elementor-element-e6dfad5 elementor-widget elementor-widget-text-editor\" data-id=\"e6dfad5\" data-element_type=\"widget\" data-e-type=\"widget\" data-widget_type=\"text-editor.default\">\n\t\t\t\t<div class=\"elementor-widget-container\">\n\t\t\t\t\t\t\t\t\t<p>TCR s&rsquo;efforcera d&rsquo;informer les individus des objectifs de la demande et de la collecte d&rsquo;informations personnelles relatives aux diff\u00e9rentes t\u00e2ches entreprises pour nos clients, comme l&rsquo;exige la loi.<\/p>\t\t\t\t\t\t\t\t<\/div>\n\t\t\t\t<\/div>\n\t\t\t\t<div class=\"elementor-element elementor-element-955412f elementor-widget elementor-widget-heading\" data-id=\"955412f\" data-element_type=\"widget\" data-e-type=\"widget\" data-widget_type=\"heading.default\">\n\t\t\t\t<div class=\"elementor-widget-container\">\n\t\t\t\t\t<h3 class=\"elementor-heading-title elementor-size-default\">Consentement de principe<\/h3>\t\t\t\t<\/div>\n\t\t\t\t<\/div>\n\t\t\t\t<div class=\"elementor-element elementor-element-18d08a6 elementor-widget elementor-widget-text-editor\" data-id=\"18d08a6\" data-element_type=\"widget\" data-e-type=\"widget\" data-widget_type=\"text-editor.default\">\n\t\t\t\t<div class=\"elementor-widget-container\">\n\t\t\t\t\t\t\t\t\t<p>TCR doit disposer d&rsquo;un consentement sign\u00e9, ou d&rsquo;un transfert de consentement de la part de notre client, qui permet \u00e0 nos activit\u00e9s de recueillir, d&rsquo;utiliser ou de divulguer des renseignements personnels tels que d\u00e9finis par la Loi. Le fait de ne pas recevoir le consentement d&rsquo;une personne peut interdire la collecte, l&rsquo;utilisation ou la divulgation susmentionn\u00e9e. <\/p>\t\t\t\t\t\t\t\t<\/div>\n\t\t\t\t<\/div>\n\t\t\t\t<div class=\"elementor-element elementor-element-6c848ac elementor-widget elementor-widget-heading\" data-id=\"6c848ac\" data-element_type=\"widget\" data-e-type=\"widget\" data-widget_type=\"heading.default\">\n\t\t\t\t<div class=\"elementor-widget-container\">\n\t\t\t\t\t<h3 class=\"elementor-heading-title elementor-size-default\">Limiter la collecte<\/h3>\t\t\t\t<\/div>\n\t\t\t\t<\/div>\n\t\t\t\t<div class=\"elementor-element elementor-element-bb5c9c2 elementor-widget elementor-widget-text-editor\" data-id=\"bb5c9c2\" data-element_type=\"widget\" data-e-type=\"widget\" data-widget_type=\"text-editor.default\">\n\t\t\t\t<div class=\"elementor-widget-container\">\n\t\t\t\t\t\t\t\t\t<p>Toute information personnelle, telle que d\u00e9crite par la loi, doit \u00eatre collect\u00e9e et utilis\u00e9e uniquement dans le but indiqu\u00e9 lors de la sollicitation directe et uniquement par des moyens justes et l\u00e9gaux.<\/p>\t\t\t\t\t\t\t\t<\/div>\n\t\t\t\t<\/div>\n\t\t\t\t<div class=\"elementor-element elementor-element-e0b486a elementor-widget elementor-widget-heading\" data-id=\"e0b486a\" data-element_type=\"widget\" data-e-type=\"widget\" data-widget_type=\"heading.default\">\n\t\t\t\t<div class=\"elementor-widget-container\">\n\t\t\t\t\t<h3 class=\"elementor-heading-title elementor-size-default\">Limitation de l'utilisation, de la divulgation et de la conservation<\/h3>\t\t\t\t<\/div>\n\t\t\t\t<\/div>\n\t\t\t\t<div class=\"elementor-element elementor-element-2cbd441 elementor-widget elementor-widget-text-editor\" data-id=\"2cbd441\" data-element_type=\"widget\" data-e-type=\"widget\" data-widget_type=\"text-editor.default\">\n\t\t\t\t<div class=\"elementor-widget-container\">\n\t\t\t\t\t\t\t\t\t<p>TCR adh\u00e8re \u00e0 la collecte l\u00e9gale des informations personnelles, et uniquement pour l&rsquo;utilisation pr\u00e9vue que les informations ont \u00e9t\u00e9 fournies. Une fois que l&rsquo;objectif pour lequel les informations ont \u00e9t\u00e9 collect\u00e9es a \u00e9t\u00e9 atteint et que l&rsquo;utilisation pr\u00e9vue a \u00e9t\u00e9 \u00e9puis\u00e9e, TCR d\u00e9truira, supprimera ou se d\u00e9barrassera autrement des informations d&rsquo;une mani\u00e8re compatible avec le maintien de la confidentialit\u00e9 et de la protection des informations personnelles. <\/p>\t\t\t\t\t\t\t\t<\/div>\n\t\t\t\t<\/div>\n\t\t\t\t<div class=\"elementor-element elementor-element-8aa477d elementor-widget elementor-widget-heading\" data-id=\"8aa477d\" data-element_type=\"widget\" data-e-type=\"widget\" data-widget_type=\"heading.default\">\n\t\t\t\t<div class=\"elementor-widget-container\">\n\t\t\t\t\t<h3 class=\"elementor-heading-title elementor-size-default\">Principe de pr\u00e9cision<\/h3>\t\t\t\t<\/div>\n\t\t\t\t<\/div>\n\t\t\t\t<div class=\"elementor-element elementor-element-c9ec19e elementor-widget elementor-widget-text-editor\" data-id=\"c9ec19e\" data-element_type=\"widget\" data-e-type=\"widget\" data-widget_type=\"text-editor.default\">\n\t\t\t\t<div class=\"elementor-widget-container\">\n\t\t\t\t\t\t\t\t\t<p>Toutes les informations collect\u00e9es par TCR sont maintenues \u00e0 jour et pertinentes en fonction de l&rsquo;utilisation pr\u00e9vue des informations. L&rsquo;efficacit\u00e9 des activit\u00e9s de recouvrement et d&rsquo;impartition de RCT d\u00e9pend de l&rsquo;exactitude des donn\u00e9es relatives aux comptes de nos clients. Il est donc imp\u00e9ratif que nous v\u00e9rifiions et maintenions les renseignements les plus r\u00e9cents et les plus factuels qu&rsquo;il est l\u00e9gal de recueillir et de divulguer en vertu de la LPRPDE et des lois provinciales sur la protection de la vie priv\u00e9e.  <\/p>\t\t\t\t\t\t\t\t<\/div>\n\t\t\t\t<\/div>\n\t\t\t\t<div class=\"elementor-element elementor-element-461cb0a elementor-widget elementor-widget-heading\" data-id=\"461cb0a\" data-element_type=\"widget\" data-e-type=\"widget\" data-widget_type=\"heading.default\">\n\t\t\t\t<div class=\"elementor-widget-container\">\n\t\t\t\t\t<h3 class=\"elementor-heading-title elementor-size-default\">Garanties<\/h3>\t\t\t\t<\/div>\n\t\t\t\t<\/div>\n\t\t\t\t<div class=\"elementor-element elementor-element-c329766 elementor-widget elementor-widget-text-editor\" data-id=\"c329766\" data-element_type=\"widget\" data-e-type=\"widget\" data-widget_type=\"text-editor.default\">\n\t\t\t\t<div class=\"elementor-widget-container\">\n\t\t\t\t\t\t\t\t\t<p>TCR assume la responsabilit\u00e9 de la protection des informations qu&rsquo;elle a collect\u00e9es, re\u00e7ues ou conserv\u00e9es. Nos bureaux et nos banques de donn\u00e9es sont prot\u00e9g\u00e9s \u00e9lectroniquement contre les intrusions et notre technologie de l&rsquo;information est prot\u00e9g\u00e9e par des syst\u00e8mes de s\u00e9curit\u00e9 bio-m\u00e9triques actuels, une surveillance vid\u00e9o et auditive et un logiciel de protection contre les intrusions, ainsi que par les protections normales par mot de passe et les contr\u00f4les du syst\u00e8me. <\/p>\t\t\t\t\t\t\t\t<\/div>\n\t\t\t\t<\/div>\n\t\t\t\t<div class=\"elementor-element elementor-element-9a8bdb7 elementor-widget elementor-widget-heading\" data-id=\"9a8bdb7\" data-element_type=\"widget\" data-e-type=\"widget\" data-widget_type=\"heading.default\">\n\t\t\t\t<div class=\"elementor-widget-container\">\n\t\t\t\t\t<h3 class=\"elementor-heading-title elementor-size-default\">Ouverture<\/h3>\t\t\t\t<\/div>\n\t\t\t\t<\/div>\n\t\t\t\t<div class=\"elementor-element elementor-element-acfa812 elementor-widget elementor-widget-text-editor\" data-id=\"acfa812\" data-element_type=\"widget\" data-e-type=\"widget\" data-widget_type=\"text-editor.default\">\n\t\t\t\t<div class=\"elementor-widget-container\">\n\t\t\t\t\t\t\t\t\t<p>TCR a pris une position de leader dans le respect de la LPRPDE et des l\u00e9gislations provinciales en mati\u00e8re de protection de la vie priv\u00e9e. Les politiques de l&rsquo;organisation relatives \u00e0 la protection des renseignements personnels sont mises \u00e0 la disposition de tous les clients qui souhaitent examiner et discuter de l&rsquo;application pratique et des mesures prises pour prot\u00e9ger toutes les informations sensibles. <\/p>\t\t\t\t\t\t\t\t<\/div>\n\t\t\t\t<\/div>\n\t\t\t\t<div class=\"elementor-element elementor-element-b8b5030 elementor-widget elementor-widget-heading\" data-id=\"b8b5030\" data-element_type=\"widget\" data-e-type=\"widget\" data-widget_type=\"heading.default\">\n\t\t\t\t<div class=\"elementor-widget-container\">\n\t\t\t\t\t<h3 class=\"elementor-heading-title elementor-size-default\">Acc\u00e8s individuel<\/h3>\t\t\t\t<\/div>\n\t\t\t\t<\/div>\n\t\t\t\t<div class=\"elementor-element elementor-element-a6661f8 elementor-widget elementor-widget-text-editor\" data-id=\"a6661f8\" data-element_type=\"widget\" data-e-type=\"widget\" data-widget_type=\"text-editor.default\">\n\t\t\t\t<div class=\"elementor-widget-container\">\n\t\t\t\t\t\t\t\t\t<p>TCR informera toute personne de l&rsquo;existence, de l&rsquo;utilisation et de la divulgation de ses informations personnelles lorsqu&rsquo;elle en fera la demande. Bien que nous prenions des mesures consid\u00e9rables pour garantir l&rsquo;exhaustivit\u00e9 et l&rsquo;exactitude des informations l\u00e9galement collect\u00e9es, TCR invite les personnes \u00e0 v\u00e9rifier l&rsquo;exactitude des informations qu&rsquo;elle a collect\u00e9es, utilis\u00e9es ou distribu\u00e9es, dans la mesure o\u00f9 la loi le permet. <\/p>\t\t\t\t\t\t\t\t<\/div>\n\t\t\t\t<\/div>\n\t\t\t\t<div class=\"elementor-element elementor-element-e48aefd elementor-widget elementor-widget-heading\" data-id=\"e48aefd\" data-element_type=\"widget\" data-e-type=\"widget\" data-widget_type=\"heading.default\">\n\t\t\t\t<div class=\"elementor-widget-container\">\n\t\t\t\t\t<h3 class=\"elementor-heading-title elementor-size-default\">Remise en question de la conformit\u00e9 <\/h3>\t\t\t\t<\/div>\n\t\t\t\t<\/div>\n\t\t\t\t<div class=\"elementor-element elementor-element-bcabf79 elementor-widget elementor-widget-text-editor\" data-id=\"bcabf79\" data-element_type=\"widget\" data-e-type=\"widget\" data-widget_type=\"text-editor.default\">\n\t\t\t\t<div class=\"elementor-widget-container\">\n\t\t\t\t\t\t\t\t\t<p>Le responsable de la protection de la vie priv\u00e9e est tenu par le RCT et la loi de r\u00e9pondre rapidement et professionnellement aux demandes d&rsquo;information. Les plaintes sont re\u00e7ues et trait\u00e9es en temps utile. Une modification r\u00e9cente de la LPRPDE (Loi sur la protection des renseignements personnels dans le secteur num\u00e9rique, entr\u00e9e en vigueur le 22 juin 2015) oblige les organisations \u00e0 informer les personnes que leurs renseignements personnels ont \u00e9t\u00e9 perdus ou vol\u00e9s, ainsi que l&rsquo;obligation de signaler les atteintes substantielles \u00e0 la vie priv\u00e9e au Commissaire \u00e0 la protection de la vie priv\u00e9e du Canada.  <\/p>\t\t\t\t\t\t\t\t<\/div>\n\t\t\t\t<\/div>\n\t\t\t\t<div class=\"elementor-element elementor-element-566929b elementor-widget elementor-widget-text-editor\" data-id=\"566929b\" data-element_type=\"widget\" data-e-type=\"widget\" data-widget_type=\"text-editor.default\">\n\t\t\t\t<div class=\"elementor-widget-container\">\n\t\t\t\t\t\t\t\t\t<div class=\"wrapper center bg-white\"><div class=\"policies wide\"><p>Pour mettre \u00e0 jour ou corriger les informations figurant dans votre dossier aupr\u00e8s de TCR, envoyez un courriel \u00e0 <a href=\"mailto:privacyofficer@tcr.ca\">privacyofficer@tcr.ca<\/a>.<\/p><\/div><\/div>\t\t\t\t\t\t\t\t<\/div>\n\t\t\t\t<\/div>\n\t\t\t\t\t<\/div>\n\t\t<\/div>\n\t\t\t\t\t<\/div>\n\t\t<\/section>\n\t\t\t\t<\/div>\n\t\t","protected":false},"excerpt":{"rendered":"<p>Privacy Policy Les activit\u00e9s de TCR visant \u00e0 prot\u00e9ger la confidentialit\u00e9 des renseignements personnels font partie int\u00e9grante de tous les aspects de notre organisation. La formation, les processus que nous ex\u00e9cutons, l\u2019\u00e9valuation et le traitement des risques, la responsabilisation et l\u2019am\u00e9lioration continue contribuent \u00e0 notre strat\u00e9gie globale de confidentialit\u00e9. Les informations sont utilis\u00e9es uniquement aux [&hellip;]<\/p>\n","protected":false},"author":1,"featured_media":1255,"parent":0,"menu_order":15,"comment_status":"closed","ping_status":"closed","template":"elementor_header_footer","meta":{"footnotes":""},"class_list":["post-1657","page","type-page","status-publish","has-post-thumbnail","hentry"],"yoast_head":"<!-- This site is optimized with the Yoast SEO plugin v27.5 - https:\/\/yoast.com\/product\/yoast-seo-wordpress\/ -->\n<title>Privacy Policy - Total Credit Recovery<\/title>\n<meta name=\"robots\" content=\"noindex, follow, max-snippet:-1, max-image-preview:large, max-video-preview:-1\" \/>\n<meta property=\"og:locale\" content=\"fr_FR\" \/>\n<meta property=\"og:type\" content=\"article\" \/>\n<meta property=\"og:title\" content=\"Privacy Policy - Total Credit Recovery\" \/>\n<meta property=\"og:description\" content=\"Privacy Policy Les activit\u00e9s de TCR visant \u00e0 prot\u00e9ger la confidentialit\u00e9 des renseignements personnels font partie int\u00e9grante de tous les aspects de notre organisation. La formation, les processus que nous ex\u00e9cutons, l\u2019\u00e9valuation et le traitement des risques, la responsabilisation et l\u2019am\u00e9lioration continue contribuent \u00e0 notre strat\u00e9gie globale de confidentialit\u00e9. Les informations sont utilis\u00e9es uniquement aux [&hellip;]\" \/>\n<meta property=\"og:url\" content=\"https:\/\/tcr-staging.tcr.ca\/fr\/politique-de-confidentialite\/\" \/>\n<meta property=\"og:site_name\" content=\"Total Credit Recovery\" \/>\n<meta property=\"article:modified_time\" content=\"2026-03-25T11:15:00+00:00\" \/>\n<meta property=\"og:image\" content=\"https:\/\/tcr-staging.tcr.ca\/wp-content\/uploads\/2022\/08\/logo.svg_.png\" \/>\n\t<meta property=\"og:image:width\" content=\"308\" \/>\n\t<meta property=\"og:image:height\" content=\"304\" \/>\n\t<meta property=\"og:image:type\" content=\"image\/png\" \/>\n<meta name=\"twitter:card\" content=\"summary_large_image\" \/>\n<meta name=\"twitter:label1\" content=\"Dur\u00e9e de lecture estim\u00e9e\" \/>\n\t<meta name=\"twitter:data1\" content=\"4 minutes\" \/>\n<script type=\"application\/ld+json\" class=\"yoast-schema-graph\">{\"@context\":\"https:\\\/\\\/schema.org\",\"@graph\":[{\"@type\":\"WebPage\",\"@id\":\"https:\\\/\\\/tcr-staging.tcr.ca\\\/fr\\\/politique-de-confidentialite\\\/\",\"url\":\"https:\\\/\\\/tcr-staging.tcr.ca\\\/fr\\\/politique-de-confidentialite\\\/\",\"name\":\"Privacy Policy - Total Credit Recovery\",\"isPartOf\":{\"@id\":\"https:\\\/\\\/tcr-staging.tcr.ca\\\/#website\"},\"primaryImageOfPage\":{\"@id\":\"https:\\\/\\\/tcr-staging.tcr.ca\\\/fr\\\/politique-de-confidentialite\\\/#primaryimage\"},\"image\":{\"@id\":\"https:\\\/\\\/tcr-staging.tcr.ca\\\/fr\\\/politique-de-confidentialite\\\/#primaryimage\"},\"thumbnailUrl\":\"https:\\\/\\\/tcr-staging.tcr.ca\\\/wp-content\\\/uploads\\\/2022\\\/08\\\/logo.svg_.png\",\"datePublished\":\"2022-08-02T12:41:55+00:00\",\"dateModified\":\"2026-03-25T11:15:00+00:00\",\"breadcrumb\":{\"@id\":\"https:\\\/\\\/tcr-staging.tcr.ca\\\/fr\\\/politique-de-confidentialite\\\/#breadcrumb\"},\"inLanguage\":\"fr-FR\",\"potentialAction\":[{\"@type\":\"ReadAction\",\"target\":[\"https:\\\/\\\/tcr-staging.tcr.ca\\\/fr\\\/politique-de-confidentialite\\\/\"]}]},{\"@type\":\"ImageObject\",\"inLanguage\":\"fr-FR\",\"@id\":\"https:\\\/\\\/tcr-staging.tcr.ca\\\/fr\\\/politique-de-confidentialite\\\/#primaryimage\",\"url\":\"https:\\\/\\\/tcr-staging.tcr.ca\\\/wp-content\\\/uploads\\\/2022\\\/08\\\/logo.svg_.png\",\"contentUrl\":\"https:\\\/\\\/tcr-staging.tcr.ca\\\/wp-content\\\/uploads\\\/2022\\\/08\\\/logo.svg_.png\",\"width\":308,\"height\":304},{\"@type\":\"BreadcrumbList\",\"@id\":\"https:\\\/\\\/tcr-staging.tcr.ca\\\/fr\\\/politique-de-confidentialite\\\/#breadcrumb\",\"itemListElement\":[{\"@type\":\"ListItem\",\"position\":1,\"name\":\"Home\",\"item\":\"https:\\\/\\\/tcr-staging.tcr.ca\\\/fr\\\/\"},{\"@type\":\"ListItem\",\"position\":2,\"name\":\"Privacy Policy\"}]},{\"@type\":\"WebSite\",\"@id\":\"https:\\\/\\\/tcr-staging.tcr.ca\\\/#website\",\"url\":\"https:\\\/\\\/tcr-staging.tcr.ca\\\/\",\"name\":\"Total Credit Recovery\",\"description\":\"Just another WordPress site\",\"publisher\":{\"@id\":\"https:\\\/\\\/tcr-staging.tcr.ca\\\/#organization\"},\"potentialAction\":[{\"@type\":\"SearchAction\",\"target\":{\"@type\":\"EntryPoint\",\"urlTemplate\":\"https:\\\/\\\/tcr-staging.tcr.ca\\\/?s={search_term_string}\"},\"query-input\":{\"@type\":\"PropertyValueSpecification\",\"valueRequired\":true,\"valueName\":\"search_term_string\"}}],\"inLanguage\":\"fr-FR\"},{\"@type\":\"Organization\",\"@id\":\"https:\\\/\\\/tcr-staging.tcr.ca\\\/#organization\",\"name\":\"Total Credit Recovery\",\"url\":\"https:\\\/\\\/tcr-staging.tcr.ca\\\/\",\"logo\":{\"@type\":\"ImageObject\",\"inLanguage\":\"fr-FR\",\"@id\":\"https:\\\/\\\/tcr-staging.tcr.ca\\\/#\\\/schema\\\/logo\\\/image\\\/\",\"url\":\"https:\\\/\\\/tcr-staging.tcr.ca\\\/wp-content\\\/uploads\\\/2022\\\/08\\\/TCRlogo.png\",\"contentUrl\":\"https:\\\/\\\/tcr-staging.tcr.ca\\\/wp-content\\\/uploads\\\/2022\\\/08\\\/TCRlogo.png\",\"width\":1080,\"height\":230,\"caption\":\"Total Credit Recovery\"},\"image\":{\"@id\":\"https:\\\/\\\/tcr-staging.tcr.ca\\\/#\\\/schema\\\/logo\\\/image\\\/\"}}]}<\/script>\n<!-- \/ Yoast SEO plugin. -->","yoast_head_json":{"title":"Privacy Policy - Total Credit Recovery","robots":{"index":"noindex","follow":"follow","max-snippet":"max-snippet:-1","max-image-preview":"max-image-preview:large","max-video-preview":"max-video-preview:-1"},"og_locale":"fr_FR","og_type":"article","og_title":"Privacy Policy - Total Credit Recovery","og_description":"Privacy Policy Les activit\u00e9s de TCR visant \u00e0 prot\u00e9ger la confidentialit\u00e9 des renseignements personnels font partie int\u00e9grante de tous les aspects de notre organisation. La formation, les processus que nous ex\u00e9cutons, l\u2019\u00e9valuation et le traitement des risques, la responsabilisation et l\u2019am\u00e9lioration continue contribuent \u00e0 notre strat\u00e9gie globale de confidentialit\u00e9. Les informations sont utilis\u00e9es uniquement aux [&hellip;]","og_url":"https:\/\/tcr-staging.tcr.ca\/fr\/politique-de-confidentialite\/","og_site_name":"Total Credit Recovery","article_modified_time":"2026-03-25T11:15:00+00:00","og_image":[{"width":308,"height":304,"url":"https:\/\/tcr-staging.tcr.ca\/wp-content\/uploads\/2022\/08\/logo.svg_.png","type":"image\/png"}],"twitter_card":"summary_large_image","twitter_misc":{"Dur\u00e9e de lecture estim\u00e9e":"4 minutes"},"schema":{"@context":"https:\/\/schema.org","@graph":[{"@type":"WebPage","@id":"https:\/\/tcr-staging.tcr.ca\/fr\/politique-de-confidentialite\/","url":"https:\/\/tcr-staging.tcr.ca\/fr\/politique-de-confidentialite\/","name":"Privacy Policy - Total Credit Recovery","isPartOf":{"@id":"https:\/\/tcr-staging.tcr.ca\/#website"},"primaryImageOfPage":{"@id":"https:\/\/tcr-staging.tcr.ca\/fr\/politique-de-confidentialite\/#primaryimage"},"image":{"@id":"https:\/\/tcr-staging.tcr.ca\/fr\/politique-de-confidentialite\/#primaryimage"},"thumbnailUrl":"https:\/\/tcr-staging.tcr.ca\/wp-content\/uploads\/2022\/08\/logo.svg_.png","datePublished":"2022-08-02T12:41:55+00:00","dateModified":"2026-03-25T11:15:00+00:00","breadcrumb":{"@id":"https:\/\/tcr-staging.tcr.ca\/fr\/politique-de-confidentialite\/#breadcrumb"},"inLanguage":"fr-FR","potentialAction":[{"@type":"ReadAction","target":["https:\/\/tcr-staging.tcr.ca\/fr\/politique-de-confidentialite\/"]}]},{"@type":"ImageObject","inLanguage":"fr-FR","@id":"https:\/\/tcr-staging.tcr.ca\/fr\/politique-de-confidentialite\/#primaryimage","url":"https:\/\/tcr-staging.tcr.ca\/wp-content\/uploads\/2022\/08\/logo.svg_.png","contentUrl":"https:\/\/tcr-staging.tcr.ca\/wp-content\/uploads\/2022\/08\/logo.svg_.png","width":308,"height":304},{"@type":"BreadcrumbList","@id":"https:\/\/tcr-staging.tcr.ca\/fr\/politique-de-confidentialite\/#breadcrumb","itemListElement":[{"@type":"ListItem","position":1,"name":"Home","item":"https:\/\/tcr-staging.tcr.ca\/fr\/"},{"@type":"ListItem","position":2,"name":"Privacy Policy"}]},{"@type":"WebSite","@id":"https:\/\/tcr-staging.tcr.ca\/#website","url":"https:\/\/tcr-staging.tcr.ca\/","name":"Total Credit Recovery","description":"Just another WordPress site","publisher":{"@id":"https:\/\/tcr-staging.tcr.ca\/#organization"},"potentialAction":[{"@type":"SearchAction","target":{"@type":"EntryPoint","urlTemplate":"https:\/\/tcr-staging.tcr.ca\/?s={search_term_string}"},"query-input":{"@type":"PropertyValueSpecification","valueRequired":true,"valueName":"search_term_string"}}],"inLanguage":"fr-FR"},{"@type":"Organization","@id":"https:\/\/tcr-staging.tcr.ca\/#organization","name":"Total Credit Recovery","url":"https:\/\/tcr-staging.tcr.ca\/","logo":{"@type":"ImageObject","inLanguage":"fr-FR","@id":"https:\/\/tcr-staging.tcr.ca\/#\/schema\/logo\/image\/","url":"https:\/\/tcr-staging.tcr.ca\/wp-content\/uploads\/2022\/08\/TCRlogo.png","contentUrl":"https:\/\/tcr-staging.tcr.ca\/wp-content\/uploads\/2022\/08\/TCRlogo.png","width":1080,"height":230,"caption":"Total Credit Recovery"},"image":{"@id":"https:\/\/tcr-staging.tcr.ca\/#\/schema\/logo\/image\/"}}]}},"_links":{"self":[{"href":"https:\/\/tcr-staging.tcr.ca\/fr\/wp-json\/wp\/v2\/pages\/1657","targetHints":{"allow":["GET"]}}],"collection":[{"href":"https:\/\/tcr-staging.tcr.ca\/fr\/wp-json\/wp\/v2\/pages"}],"about":[{"href":"https:\/\/tcr-staging.tcr.ca\/fr\/wp-json\/wp\/v2\/types\/page"}],"author":[{"embeddable":true,"href":"https:\/\/tcr-staging.tcr.ca\/fr\/wp-json\/wp\/v2\/users\/1"}],"replies":[{"embeddable":true,"href":"https:\/\/tcr-staging.tcr.ca\/fr\/wp-json\/wp\/v2\/comments?post=1657"}],"version-history":[{"count":5,"href":"https:\/\/tcr-staging.tcr.ca\/fr\/wp-json\/wp\/v2\/pages\/1657\/revisions"}],"predecessor-version":[{"id":3193,"href":"https:\/\/tcr-staging.tcr.ca\/fr\/wp-json\/wp\/v2\/pages\/1657\/revisions\/3193"}],"wp:featuredmedia":[{"embeddable":true,"href":"https:\/\/tcr-staging.tcr.ca\/fr\/wp-json\/wp\/v2\/media\/1255"}],"wp:attachment":[{"href":"https:\/\/tcr-staging.tcr.ca\/fr\/wp-json\/wp\/v2\/media?parent=1657"}],"curies":[{"name":"wp","href":"https:\/\/api.w.org\/{rel}","templated":true}]}}