{"id":2452,"date":"2025-07-27T17:57:53","date_gmt":"2025-07-27T17:57:53","guid":{"rendered":"http:\/\/temp-staging.tcr.ca\/configurer-un-debit-preautorise\/"},"modified":"2025-09-11T09:49:09","modified_gmt":"2025-09-11T09:49:09","slug":"configurer-un-debit-preautorise","status":"publish","type":"page","link":"https:\/\/tcr-staging.tcr.ca\/fr\/configurer-un-debit-preautorise\/","title":{"rendered":"Configurer un d\u00e9bit pr\u00e9autoris\u00e9"},"content":{"rendered":"\t\t<div data-elementor-type=\"wp-page\" data-elementor-id=\"2452\" class=\"elementor elementor-2452 elementor-2443\" data-elementor-post-type=\"page\">\n\t\t\t\t<div class=\"elementor-element elementor-element-e5481c8 e-con-full e-flex e-con e-parent\" data-id=\"e5481c8\" data-element_type=\"container\" data-e-type=\"container\">\n\t\t\t\t<div class=\"elementor-element elementor-element-8106d27 elementor-widget__width-initial elementor-widget elementor-widget-heading\" data-id=\"8106d27\" data-element_type=\"widget\" data-e-type=\"widget\" data-widget_type=\"heading.default\">\n\t\t\t\t<div class=\"elementor-widget-container\">\n\t\t\t\t\t<h2 class=\"elementor-heading-title elementor-size-default\">Configurer un d\u00e9bit pr\u00e9autoris\u00e9 <\/h2>\t\t\t\t<\/div>\n\t\t\t\t<\/div>\n\t\t\t\t<div class=\"elementor-element elementor-element-8d42bfd elementor-widget__width-initial elementor-widget elementor-widget-heading\" data-id=\"8d42bfd\" data-element_type=\"widget\" data-e-type=\"widget\" data-widget_type=\"heading.default\">\n\t\t\t\t<div class=\"elementor-widget-container\">\n\t\t\t\t\t<h2 class=\"elementor-heading-title elementor-size-default\">Veuillez remplir les informations ci-dessous<\/h2>\t\t\t\t<\/div>\n\t\t\t\t<\/div>\n\t\t\t\t<div class=\"dce-visibility-event elementor-element elementor-element-3181c47 elementor-widget elementor-widget-shortcode\" data-id=\"3181c47\" data-element_type=\"widget\" data-e-type=\"widget\" data-settings=\"{&quot;enabled_visibility&quot;:&quot;yes&quot;,&quot;dce_visibility_selected&quot;:&quot;yes&quot;}\" data-widget_type=\"shortcode.default\">\n\t\t\t\t<div class=\"elementor-widget-container\">\n\t\t\t\t\t\t\t<div class=\"elementor-shortcode\"><iframe width=\"640px\" height=\"1500px\" src=\"https:\/\/forms.office.com\/Pages\/ResponsePage.aspx?id=kknO4FooCU2joVUJnLztthYDtmYsTtVKh3CtJFVCgktUQlNGTUFPU1RLT1I0S0ZWM0VIWVJZS04wTi4u&amp;embed=true\" frameborder=\"0\" marginwidth=\"0\" marginheight=\"0\" style=\"border: none; max-width:100%; max-height:1500px\" allowfullscreen=\"\" webkitallowfullscreen=\"\" mozallowfullscreen=\"\" msallowfullscreen=\"\"> <\/iframe><\/div>\n\t\t\t\t\t\t<\/div>\n\t\t\t\t<\/div>\n\t\t<!-- dce invisible element ea6c80a -->\t\t<\/div>\n\t\t\t\t<\/div>\n\t\t","protected":false},"excerpt":{"rendered":"<p>Configurer un d\u00e9bit pr\u00e9autoris\u00e9 Veuillez remplir les informations ci-dessous<\/p>\n","protected":false},"author":10,"featured_media":0,"parent":0,"menu_order":0,"comment_status":"closed","ping_status":"closed","template":"elementor_header_footer","meta":{"footnotes":""},"class_list":["post-2452","page","type-page","status-publish","hentry"],"yoast_head":"<!-- This site is optimized with the Yoast SEO plugin v27.5 - https:\/\/yoast.com\/product\/yoast-seo-wordpress\/ -->\n<title>Configurer un d\u00e9bit pr\u00e9autoris\u00e9 - Total Credit Recovery<\/title>\n<meta name=\"robots\" content=\"noindex, follow, max-snippet:-1, max-image-preview:large, max-video-preview:-1\" \/>\n<meta property=\"og:locale\" content=\"fr_FR\" \/>\n<meta property=\"og:type\" content=\"article\" \/>\n<meta property=\"og:title\" content=\"Configurer un d\u00e9bit pr\u00e9autoris\u00e9 - Total Credit Recovery\" \/>\n<meta property=\"og:description\" content=\"Configurer un d\u00e9bit pr\u00e9autoris\u00e9 Veuillez remplir les informations ci-dessous\" \/>\n<meta property=\"og:url\" content=\"https:\/\/tcr-staging.tcr.ca\/fr\/configurer-un-debit-preautorise\/\" \/>\n<meta property=\"og:site_name\" content=\"Total Credit Recovery\" \/>\n<meta property=\"article:modified_time\" content=\"2025-09-11T09:49:09+00:00\" \/>\n<meta property=\"og:image\" content=\"https:\/\/tcr-staging.tcr.ca\/wp-content\/uploads\/2022\/08\/logo.svg_.png\" \/>\n\t<meta property=\"og:image:width\" content=\"308\" \/>\n\t<meta property=\"og:image:height\" content=\"304\" \/>\n\t<meta property=\"og:image:type\" content=\"image\/png\" \/>\n<meta name=\"twitter:card\" content=\"summary_large_image\" \/>\n<script type=\"application\/ld+json\" class=\"yoast-schema-graph\">{\"@context\":\"https:\\\/\\\/schema.org\",\"@graph\":[{\"@type\":\"WebPage\",\"@id\":\"https:\\\/\\\/tcr-staging.tcr.ca\\\/fr\\\/configurer-un-debit-preautorise\\\/\",\"url\":\"https:\\\/\\\/tcr-staging.tcr.ca\\\/fr\\\/configurer-un-debit-preautorise\\\/\",\"name\":\"Configurer un d\u00e9bit pr\u00e9autoris\u00e9 - Total Credit Recovery\",\"isPartOf\":{\"@id\":\"https:\\\/\\\/tcr-staging.tcr.ca\\\/#website\"},\"datePublished\":\"2025-07-27T17:57:53+00:00\",\"dateModified\":\"2025-09-11T09:49:09+00:00\",\"breadcrumb\":{\"@id\":\"https:\\\/\\\/tcr-staging.tcr.ca\\\/fr\\\/configurer-un-debit-preautorise\\\/#breadcrumb\"},\"inLanguage\":\"fr-FR\",\"potentialAction\":[{\"@type\":\"ReadAction\",\"target\":[\"https:\\\/\\\/tcr-staging.tcr.ca\\\/fr\\\/configurer-un-debit-preautorise\\\/\"]}]},{\"@type\":\"BreadcrumbList\",\"@id\":\"https:\\\/\\\/tcr-staging.tcr.ca\\\/fr\\\/configurer-un-debit-preautorise\\\/#breadcrumb\",\"itemListElement\":[{\"@type\":\"ListItem\",\"position\":1,\"name\":\"Home\",\"item\":\"https:\\\/\\\/tcr-staging.tcr.ca\\\/fr\\\/\"},{\"@type\":\"ListItem\",\"position\":2,\"name\":\"Configurer un d\u00e9bit pr\u00e9autoris\u00e9\"}]},{\"@type\":\"WebSite\",\"@id\":\"https:\\\/\\\/tcr-staging.tcr.ca\\\/#website\",\"url\":\"https:\\\/\\\/tcr-staging.tcr.ca\\\/\",\"name\":\"Total Credit Recovery\",\"description\":\"Just another WordPress site\",\"publisher\":{\"@id\":\"https:\\\/\\\/tcr-staging.tcr.ca\\\/#organization\"},\"potentialAction\":[{\"@type\":\"SearchAction\",\"target\":{\"@type\":\"EntryPoint\",\"urlTemplate\":\"https:\\\/\\\/tcr-staging.tcr.ca\\\/?s={search_term_string}\"},\"query-input\":{\"@type\":\"PropertyValueSpecification\",\"valueRequired\":true,\"valueName\":\"search_term_string\"}}],\"inLanguage\":\"fr-FR\"},{\"@type\":\"Organization\",\"@id\":\"https:\\\/\\\/tcr-staging.tcr.ca\\\/#organization\",\"name\":\"Total Credit Recovery\",\"url\":\"https:\\\/\\\/tcr-staging.tcr.ca\\\/\",\"logo\":{\"@type\":\"ImageObject\",\"inLanguage\":\"fr-FR\",\"@id\":\"https:\\\/\\\/tcr-staging.tcr.ca\\\/#\\\/schema\\\/logo\\\/image\\\/\",\"url\":\"https:\\\/\\\/tcr-staging.tcr.ca\\\/wp-content\\\/uploads\\\/2022\\\/08\\\/TCRlogo.png\",\"contentUrl\":\"https:\\\/\\\/tcr-staging.tcr.ca\\\/wp-content\\\/uploads\\\/2022\\\/08\\\/TCRlogo.png\",\"width\":1080,\"height\":230,\"caption\":\"Total Credit Recovery\"},\"image\":{\"@id\":\"https:\\\/\\\/tcr-staging.tcr.ca\\\/#\\\/schema\\\/logo\\\/image\\\/\"}}]}<\/script>\n<!-- \/ Yoast SEO plugin. -->","yoast_head_json":{"title":"Configurer un d\u00e9bit pr\u00e9autoris\u00e9 - Total Credit Recovery","robots":{"index":"noindex","follow":"follow","max-snippet":"max-snippet:-1","max-image-preview":"max-image-preview:large","max-video-preview":"max-video-preview:-1"},"og_locale":"fr_FR","og_type":"article","og_title":"Configurer un d\u00e9bit pr\u00e9autoris\u00e9 - Total Credit Recovery","og_description":"Configurer un d\u00e9bit pr\u00e9autoris\u00e9 Veuillez remplir les informations ci-dessous","og_url":"https:\/\/tcr-staging.tcr.ca\/fr\/configurer-un-debit-preautorise\/","og_site_name":"Total Credit Recovery","article_modified_time":"2025-09-11T09:49:09+00:00","og_image":[{"width":308,"height":304,"url":"https:\/\/tcr-staging.tcr.ca\/wp-content\/uploads\/2022\/08\/logo.svg_.png","type":"image\/png"}],"twitter_card":"summary_large_image","schema":{"@context":"https:\/\/schema.org","@graph":[{"@type":"WebPage","@id":"https:\/\/tcr-staging.tcr.ca\/fr\/configurer-un-debit-preautorise\/","url":"https:\/\/tcr-staging.tcr.ca\/fr\/configurer-un-debit-preautorise\/","name":"Configurer un d\u00e9bit pr\u00e9autoris\u00e9 - Total Credit Recovery","isPartOf":{"@id":"https:\/\/tcr-staging.tcr.ca\/#website"},"datePublished":"2025-07-27T17:57:53+00:00","dateModified":"2025-09-11T09:49:09+00:00","breadcrumb":{"@id":"https:\/\/tcr-staging.tcr.ca\/fr\/configurer-un-debit-preautorise\/#breadcrumb"},"inLanguage":"fr-FR","potentialAction":[{"@type":"ReadAction","target":["https:\/\/tcr-staging.tcr.ca\/fr\/configurer-un-debit-preautorise\/"]}]},{"@type":"BreadcrumbList","@id":"https:\/\/tcr-staging.tcr.ca\/fr\/configurer-un-debit-preautorise\/#breadcrumb","itemListElement":[{"@type":"ListItem","position":1,"name":"Home","item":"https:\/\/tcr-staging.tcr.ca\/fr\/"},{"@type":"ListItem","position":2,"name":"Configurer un d\u00e9bit pr\u00e9autoris\u00e9"}]},{"@type":"WebSite","@id":"https:\/\/tcr-staging.tcr.ca\/#website","url":"https:\/\/tcr-staging.tcr.ca\/","name":"Total Credit Recovery","description":"Just another WordPress site","publisher":{"@id":"https:\/\/tcr-staging.tcr.ca\/#organization"},"potentialAction":[{"@type":"SearchAction","target":{"@type":"EntryPoint","urlTemplate":"https:\/\/tcr-staging.tcr.ca\/?s={search_term_string}"},"query-input":{"@type":"PropertyValueSpecification","valueRequired":true,"valueName":"search_term_string"}}],"inLanguage":"fr-FR"},{"@type":"Organization","@id":"https:\/\/tcr-staging.tcr.ca\/#organization","name":"Total Credit Recovery","url":"https:\/\/tcr-staging.tcr.ca\/","logo":{"@type":"ImageObject","inLanguage":"fr-FR","@id":"https:\/\/tcr-staging.tcr.ca\/#\/schema\/logo\/image\/","url":"https:\/\/tcr-staging.tcr.ca\/wp-content\/uploads\/2022\/08\/TCRlogo.png","contentUrl":"https:\/\/tcr-staging.tcr.ca\/wp-content\/uploads\/2022\/08\/TCRlogo.png","width":1080,"height":230,"caption":"Total Credit Recovery"},"image":{"@id":"https:\/\/tcr-staging.tcr.ca\/#\/schema\/logo\/image\/"}}]}},"_links":{"self":[{"href":"https:\/\/tcr-staging.tcr.ca\/fr\/wp-json\/wp\/v2\/pages\/2452","targetHints":{"allow":["GET"]}}],"collection":[{"href":"https:\/\/tcr-staging.tcr.ca\/fr\/wp-json\/wp\/v2\/pages"}],"about":[{"href":"https:\/\/tcr-staging.tcr.ca\/fr\/wp-json\/wp\/v2\/types\/page"}],"author":[{"embeddable":true,"href":"https:\/\/tcr-staging.tcr.ca\/fr\/wp-json\/wp\/v2\/users\/10"}],"replies":[{"embeddable":true,"href":"https:\/\/tcr-staging.tcr.ca\/fr\/wp-json\/wp\/v2\/comments?post=2452"}],"version-history":[{"count":5,"href":"https:\/\/tcr-staging.tcr.ca\/fr\/wp-json\/wp\/v2\/pages\/2452\/revisions"}],"predecessor-version":[{"id":2589,"href":"https:\/\/tcr-staging.tcr.ca\/fr\/wp-json\/wp\/v2\/pages\/2452\/revisions\/2589"}],"wp:attachment":[{"href":"https:\/\/tcr-staging.tcr.ca\/fr\/wp-json\/wp\/v2\/media?parent=2452"}],"curies":[{"name":"wp","href":"https:\/\/api.w.org\/{rel}","templated":true}]}}