{"id":1533,"date":"2024-12-18T11:07:00","date_gmt":"2024-12-18T11:07:00","guid":{"rendered":"https:\/\/tcr.orthoplex.ca\/pay\/effectuer-le-paiement\/"},"modified":"2025-11-24T23:42:14","modified_gmt":"2025-11-24T23:42:14","slug":"effectuer-le-paiement","status":"publish","type":"product","link":"https:\/\/tcr-staging.tcr.ca\/fr\/pay\/effectuer-le-paiement\/","title":{"rendered":"Effectuer un paiement"},"content":{"rendered":"","protected":false},"excerpt":{"rendered":"<p>Se rapprocher de la s\u00e9r\u00e9nit\u00e9 financi\u00e8re<\/p>\n","protected":false},"featured_media":0,"template":"","meta":[],"product_brand":[],"product_cat":[36],"product_tag":[],"class_list":{"0":"post-1533","1":"product","2":"type-product","3":"status-publish","5":"product_cat-effectuer-des-paiements","7":"first","8":"instock","9":"virtual","10":"sold-individually","11":"taxable","12":"purchasable","13":"product-type-simple"},"yoast_head":"<!-- This site is optimized with the Yoast SEO plugin v27.5 - https:\/\/yoast.com\/product\/yoast-seo-wordpress\/ -->\n<title>Effectuer un paiement - Total Credit Recovery<\/title>\n<meta name=\"robots\" content=\"noindex, follow, max-snippet:-1, max-image-preview:large, max-video-preview:-1\" \/>\n<meta property=\"og:locale\" content=\"fr_FR\" \/>\n<meta property=\"og:type\" content=\"article\" \/>\n<meta property=\"og:title\" content=\"Effectuer un paiement - Total Credit Recovery\" \/>\n<meta property=\"og:description\" content=\"Se rapprocher de la s\u00e9r\u00e9nit\u00e9 financi\u00e8re\" \/>\n<meta property=\"og:url\" content=\"https:\/\/tcr-staging.tcr.ca\/fr\/pay\/effectuer-le-paiement\/\" \/>\n<meta property=\"og:site_name\" content=\"Total Credit Recovery\" \/>\n<meta property=\"article:modified_time\" content=\"2025-11-24T23:42:14+00:00\" \/>\n<meta property=\"og:image\" content=\"https:\/\/tcr-staging.tcr.ca\/wp-content\/uploads\/2022\/08\/logo.svg_.png\" \/>\n\t<meta property=\"og:image:width\" content=\"308\" \/>\n\t<meta property=\"og:image:height\" content=\"304\" \/>\n\t<meta property=\"og:image:type\" content=\"image\/png\" \/>\n<meta name=\"twitter:card\" content=\"summary_large_image\" \/>\n<script type=\"application\/ld+json\" class=\"yoast-schema-graph\">{\"@context\":\"https:\\\/\\\/schema.org\",\"@graph\":[{\"@type\":\"WebPage\",\"@id\":\"https:\\\/\\\/tcr-staging.tcr.ca\\\/fr\\\/pay\\\/effectuer-le-paiement\\\/\",\"url\":\"https:\\\/\\\/tcr-staging.tcr.ca\\\/fr\\\/pay\\\/effectuer-le-paiement\\\/\",\"name\":\"Effectuer un paiement - Total Credit Recovery\",\"isPartOf\":{\"@id\":\"https:\\\/\\\/tcr-staging.tcr.ca\\\/#website\"},\"datePublished\":\"2024-12-18T11:07:00+00:00\",\"dateModified\":\"2025-11-24T23:42:14+00:00\",\"breadcrumb\":{\"@id\":\"https:\\\/\\\/tcr-staging.tcr.ca\\\/fr\\\/pay\\\/effectuer-le-paiement\\\/#breadcrumb\"},\"inLanguage\":\"fr-FR\",\"potentialAction\":[{\"@type\":\"ReadAction\",\"target\":[\"https:\\\/\\\/tcr-staging.tcr.ca\\\/fr\\\/pay\\\/effectuer-le-paiement\\\/\"]}]},{\"@type\":\"BreadcrumbList\",\"@id\":\"https:\\\/\\\/tcr-staging.tcr.ca\\\/fr\\\/pay\\\/effectuer-le-paiement\\\/#breadcrumb\",\"itemListElement\":[{\"@type\":\"ListItem\",\"position\":1,\"name\":\"Home\",\"item\":\"https:\\\/\\\/tcr-staging.tcr.ca\\\/fr\\\/\"},{\"@type\":\"ListItem\",\"position\":2,\"name\":\"Products\",\"item\":\"https:\\\/\\\/tcr-staging.tcr.ca\\\/shop\\\/\"},{\"@type\":\"ListItem\",\"position\":3,\"name\":\"Effectuer un paiement\"}]},{\"@type\":\"WebSite\",\"@id\":\"https:\\\/\\\/tcr-staging.tcr.ca\\\/#website\",\"url\":\"https:\\\/\\\/tcr-staging.tcr.ca\\\/\",\"name\":\"Total Credit Recovery\",\"description\":\"Just another WordPress site\",\"publisher\":{\"@id\":\"https:\\\/\\\/tcr-staging.tcr.ca\\\/#organization\"},\"potentialAction\":[{\"@type\":\"SearchAction\",\"target\":{\"@type\":\"EntryPoint\",\"urlTemplate\":\"https:\\\/\\\/tcr-staging.tcr.ca\\\/?s={search_term_string}\"},\"query-input\":{\"@type\":\"PropertyValueSpecification\",\"valueRequired\":true,\"valueName\":\"search_term_string\"}}],\"inLanguage\":\"fr-FR\"},{\"@type\":\"Organization\",\"@id\":\"https:\\\/\\\/tcr-staging.tcr.ca\\\/#organization\",\"name\":\"Total Credit Recovery\",\"url\":\"https:\\\/\\\/tcr-staging.tcr.ca\\\/\",\"logo\":{\"@type\":\"ImageObject\",\"inLanguage\":\"fr-FR\",\"@id\":\"https:\\\/\\\/tcr-staging.tcr.ca\\\/#\\\/schema\\\/logo\\\/image\\\/\",\"url\":\"https:\\\/\\\/tcr-staging.tcr.ca\\\/wp-content\\\/uploads\\\/2022\\\/08\\\/TCRlogo.png\",\"contentUrl\":\"https:\\\/\\\/tcr-staging.tcr.ca\\\/wp-content\\\/uploads\\\/2022\\\/08\\\/TCRlogo.png\",\"width\":1080,\"height\":230,\"caption\":\"Total Credit Recovery\"},\"image\":{\"@id\":\"https:\\\/\\\/tcr-staging.tcr.ca\\\/#\\\/schema\\\/logo\\\/image\\\/\"}}]}<\/script>\n<!-- \/ Yoast SEO plugin. -->","yoast_head_json":{"title":"Effectuer un paiement - Total Credit Recovery","robots":{"index":"noindex","follow":"follow","max-snippet":"max-snippet:-1","max-image-preview":"max-image-preview:large","max-video-preview":"max-video-preview:-1"},"og_locale":"fr_FR","og_type":"article","og_title":"Effectuer un paiement - Total Credit Recovery","og_description":"Se rapprocher de la s\u00e9r\u00e9nit\u00e9 financi\u00e8re","og_url":"https:\/\/tcr-staging.tcr.ca\/fr\/pay\/effectuer-le-paiement\/","og_site_name":"Total Credit Recovery","article_modified_time":"2025-11-24T23:42:14+00:00","og_image":[{"width":308,"height":304,"url":"https:\/\/tcr-staging.tcr.ca\/wp-content\/uploads\/2022\/08\/logo.svg_.png","type":"image\/png"}],"twitter_card":"summary_large_image","schema":{"@context":"https:\/\/schema.org","@graph":[{"@type":"WebPage","@id":"https:\/\/tcr-staging.tcr.ca\/fr\/pay\/effectuer-le-paiement\/","url":"https:\/\/tcr-staging.tcr.ca\/fr\/pay\/effectuer-le-paiement\/","name":"Effectuer un paiement - Total Credit Recovery","isPartOf":{"@id":"https:\/\/tcr-staging.tcr.ca\/#website"},"datePublished":"2024-12-18T11:07:00+00:00","dateModified":"2025-11-24T23:42:14+00:00","breadcrumb":{"@id":"https:\/\/tcr-staging.tcr.ca\/fr\/pay\/effectuer-le-paiement\/#breadcrumb"},"inLanguage":"fr-FR","potentialAction":[{"@type":"ReadAction","target":["https:\/\/tcr-staging.tcr.ca\/fr\/pay\/effectuer-le-paiement\/"]}]},{"@type":"BreadcrumbList","@id":"https:\/\/tcr-staging.tcr.ca\/fr\/pay\/effectuer-le-paiement\/#breadcrumb","itemListElement":[{"@type":"ListItem","position":1,"name":"Home","item":"https:\/\/tcr-staging.tcr.ca\/fr\/"},{"@type":"ListItem","position":2,"name":"Products","item":"https:\/\/tcr-staging.tcr.ca\/shop\/"},{"@type":"ListItem","position":3,"name":"Effectuer un paiement"}]},{"@type":"WebSite","@id":"https:\/\/tcr-staging.tcr.ca\/#website","url":"https:\/\/tcr-staging.tcr.ca\/","name":"Total Credit Recovery","description":"Just another WordPress site","publisher":{"@id":"https:\/\/tcr-staging.tcr.ca\/#organization"},"potentialAction":[{"@type":"SearchAction","target":{"@type":"EntryPoint","urlTemplate":"https:\/\/tcr-staging.tcr.ca\/?s={search_term_string}"},"query-input":{"@type":"PropertyValueSpecification","valueRequired":true,"valueName":"search_term_string"}}],"inLanguage":"fr-FR"},{"@type":"Organization","@id":"https:\/\/tcr-staging.tcr.ca\/#organization","name":"Total Credit Recovery","url":"https:\/\/tcr-staging.tcr.ca\/","logo":{"@type":"ImageObject","inLanguage":"fr-FR","@id":"https:\/\/tcr-staging.tcr.ca\/#\/schema\/logo\/image\/","url":"https:\/\/tcr-staging.tcr.ca\/wp-content\/uploads\/2022\/08\/TCRlogo.png","contentUrl":"https:\/\/tcr-staging.tcr.ca\/wp-content\/uploads\/2022\/08\/TCRlogo.png","width":1080,"height":230,"caption":"Total Credit Recovery"},"image":{"@id":"https:\/\/tcr-staging.tcr.ca\/#\/schema\/logo\/image\/"}}]}},"_links":{"self":[{"href":"https:\/\/tcr-staging.tcr.ca\/fr\/wp-json\/wp\/v2\/product\/1533","targetHints":{"allow":["GET"]}}],"collection":[{"href":"https:\/\/tcr-staging.tcr.ca\/fr\/wp-json\/wp\/v2\/product"}],"about":[{"href":"https:\/\/tcr-staging.tcr.ca\/fr\/wp-json\/wp\/v2\/types\/product"}],"wp:attachment":[{"href":"https:\/\/tcr-staging.tcr.ca\/fr\/wp-json\/wp\/v2\/media?parent=1533"}],"wp:term":[{"taxonomy":"product_brand","embeddable":true,"href":"https:\/\/tcr-staging.tcr.ca\/fr\/wp-json\/wp\/v2\/product_brand?post=1533"},{"taxonomy":"product_cat","embeddable":true,"href":"https:\/\/tcr-staging.tcr.ca\/fr\/wp-json\/wp\/v2\/product_cat?post=1533"},{"taxonomy":"product_tag","embeddable":true,"href":"https:\/\/tcr-staging.tcr.ca\/fr\/wp-json\/wp\/v2\/product_tag?post=1533"}],"curies":[{"name":"wp","href":"https:\/\/api.w.org\/{rel}","templated":true}]}}